{"id":7,"date":"2018-01-24T11:36:30","date_gmt":"2018-01-24T11:36:30","guid":{"rendered":"http:\/\/bridge139.qodeinteractive.com\/?page_id=7"},"modified":"2019-04-08T08:19:48","modified_gmt":"2019-04-08T08:19:48","slug":"home-2","status":"publish","type":"page","link":"https:\/\/mytec.se\/en\/","title":{"rendered":"Mytec Ytbehandling AB"},"content":{"rendered":"<div      class=\"vc_row wpb_row section vc_row-fluid  vc_custom_1551193251502 grid_section\" style='background-color:#020202; text-align:left;'><div class=\"section_inner clearfix\"><div class='section_inner_margin clearfix'><div class=\"wpb_column vc_column_container vc_col-sm-6\"><div class=\"vc_column-inner\"><div class=\"wpb_wrapper\">\n\t<div class=\"wpb_text_column wpb_content_element\">\n\t\t<div class=\"wpb_wrapper\">\n\t\t\t<h3><span style=\"color: #ffffff;\">Corrosion and wear and tear of components, constructions and buildings are a part of everyday life. <\/span><\/h3>\n<p>&nbsp;<\/p>\n<h3><span style=\"color: #ffffff;\">We give every item a durable and sustainable protective layer to increase or restore its capacity and lifespan.<\/span><\/h3>\n\n\t\t<\/div> \n\t<\/div> <\/div><\/div><\/div><div class=\"wpb_column vc_column_container vc_col-sm-6\"><div class=\"vc_column-inner vc_custom_1551193399090\"><div class=\"wpb_wrapper\">\n\t<div class=\"wpb_text_column wpb_content_element\">\n\t\t<div class=\"wpb_wrapper\">\n\t\t\t<p><img loading=\"lazy\" class=\"alignnone wp-image-564 size-full\" src=\"https:\/\/mytec.se\/wp-content\/uploads\/2019\/02\/excellence_in_protective_coating_w.png\" alt=\"\" width=\"449\" height=\"278\" srcset=\"https:\/\/mytec.se\/wp-content\/uploads\/2019\/02\/excellence_in_protective_coating_w.png 449w, https:\/\/mytec.se\/wp-content\/uploads\/2019\/02\/excellence_in_protective_coating_w-300x186.png 300w\" sizes=\"(max-width: 449px) 100vw, 449px\" \/><\/p>\n\n\t\t<\/div> \n\t<\/div> <\/div><\/div><\/div><\/div><\/div><\/div><div      class=\"vc_row wpb_row section vc_row-fluid\" style=' text-align:left;'><div class=\"full_section_inner clearfix\"><div class=\"wpb_column vc_column_container vc_col-sm-12\"><div class=\"vc_column-inner\"><div class=\"wpb_wrapper\">\t<div class=\"vc_empty_space\"  style=\"height: 2px\" ><span\n\t\t\tclass=\"vc_empty_space_inner\">\n\t\t\t<span class=\"empty_space_image\"  ><\/span>\n\t\t<\/span><\/div>\n\n<\/div><\/div><\/div><\/div><\/div><div      class=\"vc_row wpb_row section vc_row-fluid  vc_hidden-xs vc_custom_1554711482151 grid_section\" style='background-color:#020202;background-image:url(https:\/\/mytec.se\/wp-content\/uploads\/2019\/04\/ratt_ytbehandling_02.jpg); text-align:left;'><div class=\"section_inner clearfix\"><div class='section_inner_margin clearfix'><div class=\"wpb_column vc_column_container vc_col-sm-6 vc_col-has-fill\"><div class=\"vc_column-inner vc_custom_1551426298283\"><div class=\"wpb_wrapper\">\n\t<div class=\"wpb_text_column wpb_content_element\">\n\t\t<div class=\"wpb_wrapper\">\n\t\t\t<p><img loading=\"lazy\" class=\"alignnone size-full wp-image-583\" src=\"https:\/\/mytec.se\/wp-content\/uploads\/2019\/02\/transp_2.png\" alt=\"\" width=\"50\" height=\"250\" \/><\/p>\n\n\t\t<\/div> \n\t<\/div> <\/div><\/div><\/div><div class=\"wpb_column vc_column_container vc_col-sm-6 vc_col-has-fill\"><div class=\"vc_column-inner vc_custom_1554711499480\"><div class=\"wpb_wrapper\">\n\t<div class=\"wpb_text_column wpb_content_element\">\n\t\t<div class=\"wpb_wrapper\">\n\t\t\t<h2><span style=\"color: #000000;\">The perfect surface treatment for every project<\/span><\/h2>\n<p>&nbsp;<\/p>\n<p><span style=\"color: #000000;\">Our applications are included in new constructions and buildings, as well as maintenance of existing ones. <\/span><\/p>\n<p>&nbsp;<\/p>\n<p><span style=\"color: #000000;\">We strive to find new sustainable materials and methods that will help us fulfil our goal of respecting and caring for the environment.<\/span><\/p>\n\n\t\t<\/div> \n\t<\/div> <\/div><\/div><\/div><\/div><\/div><\/div><div      class=\"vc_row wpb_row section vc_row-fluid\" style=' text-align:left;'><div class=\"full_section_inner clearfix\"><div class=\"wpb_column vc_column_container vc_col-sm-12\"><div class=\"vc_column-inner\"><div class=\"wpb_wrapper\">\t<div class=\"vc_empty_space\"  style=\"height: 2px\" ><span\n\t\t\tclass=\"vc_empty_space_inner\">\n\t\t\t<span class=\"empty_space_image\"  ><\/span>\n\t\t<\/span><\/div>\n\n<\/div><\/div><\/div><\/div><\/div><div      class=\"vc_row wpb_row section vc_row-fluid  vc_hidden-lg vc_hidden-md vc_hidden-sm vc_custom_1554711585999 grid_section\" style='background-color:#e3d7c1; text-align:left;'><div class=\"section_inner clearfix\"><div class='section_inner_margin clearfix'><div class=\"wpb_column vc_column_container vc_col-sm-6 vc_col-has-fill\"><div class=\"vc_column-inner vc_custom_1551427024033\"><div class=\"wpb_wrapper\">\n\t<div class=\"wpb_text_column wpb_content_element\">\n\t\t<div class=\"wpb_wrapper\">\n\t\t\t<h2><span style=\"color: #000000;\">The perfect surface treatment for every project<\/span><\/h2>\n<p>&nbsp;<\/p>\n<p><span style=\"color: #000000;\">Our applications are included in new constructions and buildings, as well as maintenance of existing ones. \nWe strive to find new sustainable materials and methods that will help us fulfil our goal of respecting and caring for the environment.<\/span><\/p>\n\n\t\t<\/div> \n\t<\/div> <\/div><\/div><\/div><div class=\"wpb_column vc_column_container vc_col-sm-6 vc_col-has-fill\"><div class=\"vc_column-inner vc_custom_1551425694069\"><div class=\"wpb_wrapper\">\t<div class=\"vc_empty_space\"  style=\"height: 32px\" ><span\n\t\t\tclass=\"vc_empty_space_inner\">\n\t\t\t<span class=\"empty_space_image\"  ><\/span>\n\t\t<\/span><\/div>\n\n<\/div><\/div><\/div><\/div><\/div><\/div><div      class=\"vc_row wpb_row section vc_row-fluid\" style=' text-align:left;'><div class=\"full_section_inner clearfix\"><div class=\"wpb_column vc_column_container vc_col-sm-12\"><div class=\"vc_column-inner\"><div class=\"wpb_wrapper\">\t<div class=\"vc_empty_space\"  style=\"height: 1px\" ><span\n\t\t\tclass=\"vc_empty_space_inner\">\n\t\t\t<span class=\"empty_space_image\"  ><\/span>\n\t\t<\/span><\/div>\n\n<\/div><\/div><\/div><\/div><\/div><div      class=\"vc_row wpb_row section vc_row-fluid  vc_hidden-xs vc_custom_1553087482795 grid_section\" style='background-image:url(https:\/\/mytec.se\/wp-content\/uploads\/2019\/03\/kapacitet.jpg); text-align:left;'><div class=\"section_inner clearfix\"><div class='section_inner_margin clearfix'><div class=\"wpb_column vc_column_container vc_col-sm-6 vc_col-has-fill\"><div class=\"vc_column-inner vc_custom_1551426298283\"><div class=\"wpb_wrapper\">\n\t<div class=\"wpb_text_column wpb_content_element\">\n\t\t<div class=\"wpb_wrapper\">\n\t\t\t<h2><span style=\"color: #000000;\">Capacity to support any bold vision<br \/>\n<\/span><\/h2>\n<p>&nbsp;<\/p>\n<p><span style=\"color: #000000;\">We act as a partner in many big, spectacular infrastructure and building projects, but also on the smaller, more local assignments.<\/span><\/p>\n<p>&nbsp;<\/p>\n<p><span style=\"color: #000000;\">Apart from our services that are closely linked to each process step, we also offer consultation, control functions and guidance to help you carry out your specific project.<\/span><\/p>\n<p>&nbsp;<\/p>\n<p><span style=\"color: #000000;\">Please do not hesitate to contact one of our branches, either Varberg or Gothenburg.<\/span><\/p>\n\n\t\t<\/div> \n\t<\/div> \t<div class=\"vc_empty_space\"  style=\"height: 40px\" ><span\n\t\t\tclass=\"vc_empty_space_inner\">\n\t\t\t<span class=\"empty_space_image\"  ><\/span>\n\t\t<\/span><\/div>\n\n<\/div><\/div><\/div><div class=\"wpb_column vc_column_container vc_col-sm-6 vc_col-has-fill\"><div class=\"vc_column-inner vc_custom_1553087459465\"><div class=\"wpb_wrapper\">\n\t<div class=\"wpb_text_column wpb_content_element  vc_custom_1553087383103\">\n\t\t<div class=\"wpb_wrapper\">\n\t\t\t<p><img loading=\"lazy\" class=\"alignnone wp-image-583\" src=\"https:\/\/mytec.se\/wp-content\/uploads\/2019\/02\/transp_2.png\" alt=\"\" width=\"43\" height=\"215\" \/><\/p>\n\n\t\t<\/div> \n\t<\/div> <\/div><\/div><\/div><\/div><\/div><\/div><div      class=\"vc_row wpb_row section vc_row-fluid\" style=' text-align:left;'><div class=\"full_section_inner clearfix\"><div class=\"wpb_column vc_column_container vc_col-sm-12\"><div class=\"vc_column-inner\"><div class=\"wpb_wrapper\">\t<div class=\"vc_empty_space\"  style=\"height: 2px\" ><span\n\t\t\tclass=\"vc_empty_space_inner\">\n\t\t\t<span class=\"empty_space_image\"  ><\/span>\n\t\t<\/span><\/div>\n\n<\/div><\/div><\/div><\/div><\/div><div      class=\"vc_row wpb_row section vc_row-fluid  vc_hidden-lg vc_hidden-md vc_hidden-sm vc_custom_1553087663732 grid_section\" style='background-color:#020202; text-align:left;'><div class=\"section_inner clearfix\"><div class='section_inner_margin clearfix'><div class=\"wpb_column vc_column_container vc_col-sm-6 vc_col-has-fill\"><div class=\"vc_column-inner vc_custom_1551427024033\"><div class=\"wpb_wrapper\">\n\t<div class=\"wpb_text_column wpb_content_element\">\n\t\t<div class=\"wpb_wrapper\">\n\t\t\t<h2>Capacity to support any bold vision<\/h2>\n<p>&nbsp;<\/p>\n<p>We act as a partner in many big, spectacular infrastructure and building projects, but also on the smaller, more local assignments.<\/p>\n<p>Apart from our services that are closely linked to each process step, we also offer consultation, control functions and guidance to help you carry out your specific project.<\/p>\n<p>Please do not hesitate to contact one of our branches, either Varberg or Gothenburg.<\/p>\n\n\t\t<\/div> \n\t<\/div> <\/div><\/div><\/div><div class=\"wpb_column vc_column_container vc_col-sm-6 vc_col-has-fill\"><div class=\"vc_column-inner vc_custom_1551425694069\"><div class=\"wpb_wrapper\">\t<div class=\"vc_empty_space\"  style=\"height: 32px\" ><span\n\t\t\tclass=\"vc_empty_space_inner\">\n\t\t\t<span class=\"empty_space_image\"  ><\/span>\n\t\t<\/span><\/div>\n\n<\/div><\/div><\/div><\/div><\/div><\/div>","protected":false},"excerpt":{"rendered":"Korrosion och slitage i komponenter, konstruktioner och anl\u00e4ggningar \u00e4r en del av vardagen. &nbsp; Vi ger dem ett varaktigt och h\u00e5llbart skydd som \u00f6kar, eller \u00e5terst\u00e4ller dess kapacitet och livsl\u00e4ngd. R\u00e4tt ytbehandling f\u00f6r ditt projekt &nbsp; V\u00e5ra applikationer ing\u00e5r i nya konstruktioner och anl\u00e4ggningar samt...","protected":false},"author":1,"featured_media":0,"parent":0,"menu_order":0,"comment_status":"closed","ping_status":"closed","template":"full_width.php","meta":{"_vp_format_video_url":"","_vp_image_focal_point":[]},"yoast_head":"<!-- This site is optimized with the Yoast SEO plugin v18.3 - https:\/\/yoast.com\/wordpress\/plugins\/seo\/ -->\n<title>Mytec Ytbehandling AB - Mytec<\/title>\n<meta name=\"robots\" content=\"index, follow, max-snippet:-1, max-image-preview:large, max-video-preview:-1\" \/>\n<link rel=\"canonical\" href=\"https:\/\/mytec.se\/en\/\" \/>\n<meta property=\"og:locale\" content=\"en_GB\" \/>\n<meta property=\"og:type\" content=\"article\" \/>\n<meta property=\"og:title\" content=\"Mytec Ytbehandling AB - Mytec\" \/>\n<meta property=\"og:url\" content=\"https:\/\/mytec.se\/en\/\" \/>\n<meta property=\"og:site_name\" content=\"Mytec\" \/>\n<meta property=\"article:modified_time\" content=\"2019-04-08T08:19:48+00:00\" \/>\n<meta property=\"og:image\" content=\"https:\/\/mytec.se\/wp-content\/uploads\/2019\/02\/excellence_in_protective_coating_w.png\" \/>\n<meta name=\"twitter:card\" content=\"summary_large_image\" \/>\n<meta name=\"twitter:label1\" content=\"Estimated reading time\" \/>\n\t<meta name=\"twitter:data1\" content=\"5 minutes\" \/>\n<script type=\"application\/ld+json\" class=\"yoast-schema-graph\">{\"@context\":\"https:\/\/schema.org\",\"@graph\":[{\"@type\":\"WebSite\",\"@id\":\"https:\/\/mytec.se\/#website\",\"url\":\"https:\/\/mytec.se\/\",\"name\":\"Mytec\",\"description\":\"Varberg\",\"potentialAction\":[{\"@type\":\"SearchAction\",\"target\":{\"@type\":\"EntryPoint\",\"urlTemplate\":\"https:\/\/mytec.se\/?s={search_term_string}\"},\"query-input\":\"required name=search_term_string\"}],\"inLanguage\":\"en-GB\"},{\"@type\":\"ImageObject\",\"@id\":\"https:\/\/mytec.se\/#primaryimage\",\"inLanguage\":\"en-GB\",\"url\":\"https:\/\/mytec.se\/wp-content\/uploads\/2019\/02\/excellence_in_protective_coating_w.png\",\"contentUrl\":\"https:\/\/mytec.se\/wp-content\/uploads\/2019\/02\/excellence_in_protective_coating_w.png\",\"width\":449,\"height\":278},{\"@type\":\"WebPage\",\"@id\":\"https:\/\/mytec.se\/#webpage\",\"url\":\"https:\/\/mytec.se\/\",\"name\":\"Mytec Ytbehandling AB - Mytec\",\"isPartOf\":{\"@id\":\"https:\/\/mytec.se\/#website\"},\"primaryImageOfPage\":{\"@id\":\"https:\/\/mytec.se\/#primaryimage\"},\"datePublished\":\"2018-01-24T11:36:30+00:00\",\"dateModified\":\"2019-04-08T08:19:48+00:00\",\"breadcrumb\":{\"@id\":\"https:\/\/mytec.se\/#breadcrumb\"},\"inLanguage\":\"en-GB\",\"potentialAction\":[{\"@type\":\"ReadAction\",\"target\":[\"https:\/\/mytec.se\/\"]}]},{\"@type\":\"BreadcrumbList\",\"@id\":\"https:\/\/mytec.se\/#breadcrumb\",\"itemListElement\":[{\"@type\":\"ListItem\",\"position\":1,\"name\":\"Hem\",\"item\":\"https:\/\/mytec.se\/\"},{\"@type\":\"ListItem\",\"position\":2,\"name\":\"Mytec Ytbehandling AB\"}]}]}<\/script>\n<!-- \/ Yoast SEO plugin. -->","yoast_head_json":{"title":"Mytec Ytbehandling AB - Mytec","robots":{"index":"index","follow":"follow","max-snippet":"max-snippet:-1","max-image-preview":"max-image-preview:large","max-video-preview":"max-video-preview:-1"},"canonical":"https:\/\/mytec.se\/en\/","og_locale":"en_GB","og_type":"article","og_title":"Mytec Ytbehandling AB - Mytec","og_url":"https:\/\/mytec.se\/en\/","og_site_name":"Mytec","article_modified_time":"2019-04-08T08:19:48+00:00","og_image":[{"url":"https:\/\/mytec.se\/wp-content\/uploads\/2019\/02\/excellence_in_protective_coating_w.png"}],"twitter_card":"summary_large_image","twitter_misc":{"Estimated reading time":"5 minutes"},"schema":{"@context":"https:\/\/schema.org","@graph":[{"@type":"WebSite","@id":"https:\/\/mytec.se\/#website","url":"https:\/\/mytec.se\/","name":"Mytec","description":"Varberg","potentialAction":[{"@type":"SearchAction","target":{"@type":"EntryPoint","urlTemplate":"https:\/\/mytec.se\/?s={search_term_string}"},"query-input":"required name=search_term_string"}],"inLanguage":"en-GB"},{"@type":"ImageObject","@id":"https:\/\/mytec.se\/#primaryimage","inLanguage":"en-GB","url":"https:\/\/mytec.se\/wp-content\/uploads\/2019\/02\/excellence_in_protective_coating_w.png","contentUrl":"https:\/\/mytec.se\/wp-content\/uploads\/2019\/02\/excellence_in_protective_coating_w.png","width":449,"height":278},{"@type":"WebPage","@id":"https:\/\/mytec.se\/#webpage","url":"https:\/\/mytec.se\/","name":"Mytec Ytbehandling AB - Mytec","isPartOf":{"@id":"https:\/\/mytec.se\/#website"},"primaryImageOfPage":{"@id":"https:\/\/mytec.se\/#primaryimage"},"datePublished":"2018-01-24T11:36:30+00:00","dateModified":"2019-04-08T08:19:48+00:00","breadcrumb":{"@id":"https:\/\/mytec.se\/#breadcrumb"},"inLanguage":"en-GB","potentialAction":[{"@type":"ReadAction","target":["https:\/\/mytec.se\/"]}]},{"@type":"BreadcrumbList","@id":"https:\/\/mytec.se\/#breadcrumb","itemListElement":[{"@type":"ListItem","position":1,"name":"Hem","item":"https:\/\/mytec.se\/"},{"@type":"ListItem","position":2,"name":"Mytec Ytbehandling AB"}]}]}},"_links":{"self":[{"href":"https:\/\/mytec.se\/en\/wp-json\/wp\/v2\/pages\/7"}],"collection":[{"href":"https:\/\/mytec.se\/en\/wp-json\/wp\/v2\/pages"}],"about":[{"href":"https:\/\/mytec.se\/en\/wp-json\/wp\/v2\/types\/page"}],"author":[{"embeddable":true,"href":"https:\/\/mytec.se\/en\/wp-json\/wp\/v2\/users\/1"}],"replies":[{"embeddable":true,"href":"https:\/\/mytec.se\/en\/wp-json\/wp\/v2\/comments?post=7"}],"version-history":[{"count":209,"href":"https:\/\/mytec.se\/en\/wp-json\/wp\/v2\/pages\/7\/revisions"}],"predecessor-version":[{"id":1427,"href":"https:\/\/mytec.se\/en\/wp-json\/wp\/v2\/pages\/7\/revisions\/1427"}],"wp:attachment":[{"href":"https:\/\/mytec.se\/en\/wp-json\/wp\/v2\/media?parent=7"}],"curies":[{"name":"wp","href":"https:\/\/api.w.org\/{rel}","templated":true}]}}