{"id":1086,"date":"2019-03-28T12:50:03","date_gmt":"2019-03-28T12:50:03","guid":{"rendered":"https:\/\/mytec.se\/?page_id=1086"},"modified":"2019-06-07T08:04:53","modified_gmt":"2019-06-07T08:04:53","slug":"uppdrag-projekt-2","status":"publish","type":"page","link":"https:\/\/mytec.se\/en\/uppdrag-projekt-2\/","title":{"rendered":"Uppdrag \/ Projekt"},"content":{"rendered":"<div      class=\"vc_row wpb_row section vc_row-fluid  grid_section\" style=' text-align:left;'><div class=\"section_inner clearfix\"><div class='section_inner_margin clearfix'><div class=\"wpb_column vc_column_container vc_col-sm-6\"><div class=\"vc_column-inner\"><div class=\"wpb_wrapper\">\n\t<div class=\"wpb_text_column wpb_content_element\">\n\t\t<div class=\"wpb_wrapper\">\n\t\t\t<h1>Assignments and projects<\/h1>\n\n\t\t<\/div> \n\t<\/div> \t<div class=\"vc_empty_space\"  style=\"height: 32px\" ><span\n\t\t\tclass=\"vc_empty_space_inner\">\n\t\t\t<span class=\"empty_space_image\"  ><\/span>\n\t\t<\/span><\/div>\n\n<\/div><\/div><\/div><div class=\"wpb_column vc_column_container vc_col-sm-6\"><div class=\"vc_column-inner\"><div class=\"wpb_wrapper\"><\/div><\/div><\/div><\/div><\/div><\/div><div      class=\"vc_row wpb_row section vc_row-fluid\" style=' text-align:left;'><div class=\"full_section_inner clearfix\"><div class=\"wpb_column vc_column_container vc_col-sm-12\"><div class=\"vc_column-inner\"><div class=\"wpb_wrapper\"><div      class=\"vc_row wpb_row section vc_row-fluid vc_inner  grid_section\" style=' text-align:left;'><div class=\"section_inner clearfix\"><div class='section_inner_margin clearfix'><div class=\"wpb_column vc_column_container vc_col-sm-12\"><div class=\"vc_column-inner\"><div class=\"wpb_wrapper\">\n\t<div class=\"wpb_text_column wpb_content_element\">\n\t\t<div class=\"wpb_wrapper\">\n\t\t\t<div class=\"pt-cv-wrapper\"><div class=\"pt-cv-view pt-cv-pinterest pt-cv-colsys pt-cv-shadow pt-cv-no-bb\" id=\"pt-cv-view-5f3823ajrg\"><div data-id=\"pt-cv-page-1\" class=\"pt-cv-page\" data-cvc=\"4\"><div class=\"col-md-3 col-sm-6 col-xs-12 pt-cv-content-item pt-cv-1-col\"  data-pid=\"1574\"><div class='pt-cv-pinmas'><a href=\"https:\/\/mytec.se\/en\/eriksbergskranen-goteborg\/\" class=\"_self pt-cv-href-thumbnail pt-cv-thumb-default cvplbd\" target=\"_self\" ><img width=\"1024\" height=\"678\" src=\"https:\/\/mytec.se\/wp-content\/uploads\/2021\/05\/Eriksbergskranen-4-1024x678.jpg\" class=\"pt-cv-thumbnail img-none no-lazyload\" alt=\"Eriksbergskranen - G\u00f6teborg\" loading=\"lazy\" data-no-lazy=\"1\" \/><\/a>\n<h3 class=\"pt-cv-title\"><a href=\"https:\/\/mytec.se\/en\/eriksbergskranen-goteborg\/\" class=\"_self cvplbd\" target=\"_self\" >Eriksbergskranen &#8211; G\u00f6teborg<\/a><\/h3><\/div><\/div>\n<div class=\"col-md-3 col-sm-6 col-xs-12 pt-cv-content-item pt-cv-1-col\"  data-pid=\"1477\"><div class='pt-cv-pinmas'><a href=\"https:\/\/mytec.se\/en\/handelshus-birsta-sundsvall\/\" class=\"_self pt-cv-href-thumbnail pt-cv-thumb-default cvplbd\" target=\"_self\" ><img width=\"847\" height=\"519\" src=\"https:\/\/mytec.se\/wp-content\/uploads\/2019\/05\/birsta_02.jpg\" class=\"pt-cv-thumbnail img-none no-lazyload\" alt=\"Brandskyddsm\u00e5lning p\u00e5 nytt handelshus\" loading=\"lazy\" data-no-lazy=\"1\" \/><\/a>\n<h3 class=\"pt-cv-title\"><a href=\"https:\/\/mytec.se\/en\/handelshus-birsta-sundsvall\/\" class=\"_self cvplbd\" target=\"_self\" >Designer outlet in Birsta, Sundsvall<\/a><\/h3><\/div><\/div>\n<div class=\"col-md-3 col-sm-6 col-xs-12 pt-cv-content-item pt-cv-1-col\"  data-pid=\"1472\"><div class='pt-cv-pinmas'><a href=\"https:\/\/mytec.se\/en\/jarnvagsbro-storlien\/\" class=\"_self pt-cv-href-thumbnail pt-cv-thumb-default cvplbd\" target=\"_self\" ><img width=\"750\" height=\"230\" src=\"https:\/\/mytec.se\/wp-content\/uploads\/2019\/05\/jarnvagsbro_stora_helvetet.jpg\" class=\"pt-cv-thumbnail img-none no-lazyload\" alt=\"Rostskyddsm\u00e5lning av j\u00e4rnv\u00e4gsbro\" loading=\"lazy\" data-no-lazy=\"1\" \/><\/a>\n<h3 class=\"pt-cv-title\"><a href=\"https:\/\/mytec.se\/en\/jarnvagsbro-storlien\/\" class=\"_self cvplbd\" target=\"_self\" >Railway bridge Stora Helvetet, Storlien<\/a><\/h3><\/div><\/div>\n<div class=\"col-md-3 col-sm-6 col-xs-12 pt-cv-content-item pt-cv-1-col\"  data-pid=\"1088\"><div class='pt-cv-pinmas'><a href=\"https:\/\/mytec.se\/en\/billerud_korsnas\/\" class=\"_self pt-cv-href-thumbnail pt-cv-thumb-default cvplbd\" target=\"_self\" ><img width=\"258\" height=\"162\" src=\"https:\/\/mytec.se\/wp-content\/uploads\/2019\/03\/billerud_korsnas_02.jpg\" class=\"pt-cv-thumbnail img-none no-lazyload\" alt=\"Billerud Korsn\u00e4s Gruv\u00f6n KM7\" loading=\"lazy\" data-no-lazy=\"1\" \/><\/a>\n<h3 class=\"pt-cv-title\"><a href=\"https:\/\/mytec.se\/en\/billerud_korsnas\/\" class=\"_self cvplbd\" target=\"_self\" >Billerud Korsn\u00e4s Gruv\u00f6n KM7<\/a><\/h3><\/div><\/div>\n<div class=\"col-md-3 col-sm-6 col-xs-12 pt-cv-content-item pt-cv-1-col\"  data-pid=\"1078\"><div class='pt-cv-pinmas'><a href=\"https:\/\/mytec.se\/en\/nya_slussenbron_stockholm\/\" class=\"_self pt-cv-href-thumbnail pt-cv-thumb-default cvplbd\" target=\"_self\" ><img width=\"951\" height=\"534\" src=\"https:\/\/mytec.se\/wp-content\/uploads\/2019\/03\/uppdrag_nya_slussenbron2.jpg\" class=\"pt-cv-thumbnail img-none no-lazyload\" alt=\"Nya Slussenbron - Stockholm\" loading=\"lazy\" data-no-lazy=\"1\" \/><\/a>\n<h3 class=\"pt-cv-title\"><a href=\"https:\/\/mytec.se\/en\/nya_slussenbron_stockholm\/\" class=\"_self cvplbd\" target=\"_self\" >The new bridge by Slussen, Stockholm<\/a><\/h3><\/div><\/div>\n<div class=\"col-md-3 col-sm-6 col-xs-12 pt-cv-content-item pt-cv-1-col\"  data-pid=\"1068\"><div class='pt-cv-pinmas'><a href=\"https:\/\/mytec.se\/en\/hisingsbron_goteborg\/\" class=\"_self pt-cv-href-thumbnail pt-cv-thumb-default cvplbd\" target=\"_self\" ><img width=\"818\" height=\"539\" src=\"https:\/\/mytec.se\/wp-content\/uploads\/2019\/03\/uppdrag_hisingsbron.jpg\" class=\"pt-cv-thumbnail img-none no-lazyload\" alt=\"Nya Hisingsbron Arpeggio - G\u00f6teborg\" loading=\"lazy\" data-no-lazy=\"1\" \/><\/a>\n<h3 class=\"pt-cv-title\"><a href=\"https:\/\/mytec.se\/en\/hisingsbron_goteborg\/\" class=\"_self cvplbd\" target=\"_self\" >The new Arpeggio bridge, Hisingen, Gothenburg<\/a><\/h3><\/div><\/div>\n<div class=\"col-md-3 col-sm-6 col-xs-12 pt-cv-content-item pt-cv-1-col\"  data-pid=\"1061\"><div class='pt-cv-pinmas'><a href=\"https:\/\/mytec.se\/en\/karlatornet_goteborg\/\" class=\"_self pt-cv-href-thumbnail pt-cv-thumb-default cvplbd\" target=\"_self\" ><img width=\"851\" height=\"450\" src=\"https:\/\/mytec.se\/wp-content\/uploads\/2019\/03\/karla_thumb.jpg\" class=\"pt-cv-thumbnail img-none no-lazyload\" alt=\"Karlatornet - G\u00f6teborg\" loading=\"lazy\" data-no-lazy=\"1\" \/><\/a>\n<h3 class=\"pt-cv-title\"><a href=\"https:\/\/mytec.se\/en\/karlatornet_goteborg\/\" class=\"_self cvplbd\" target=\"_self\" >Karlatornet \u2013 Gothenburg<\/a><\/h3><\/div><\/div>\n<div class=\"col-md-3 col-sm-6 col-xs-12 pt-cv-content-item pt-cv-1-col\"  data-pid=\"892\"><div class='pt-cv-pinmas'><a href=\"https:\/\/mytec.se\/en\/inspiration\/\" class=\"_self pt-cv-href-thumbnail pt-cv-thumb-default cvplbd\" target=\"_self\" ><img width=\"1024\" height=\"504\" src=\"https:\/\/mytec.se\/wp-content\/uploads\/2019\/03\/1_3_samarbetspartners-1024x504.jpg\" class=\"pt-cv-thumbnail img-none no-lazyload\" alt=\"Inspiration\" loading=\"lazy\" data-no-lazy=\"1\" \/><\/a>\n<h3 class=\"pt-cv-title\"><a href=\"https:\/\/mytec.se\/en\/inspiration\/\" class=\"_self cvplbd\" target=\"_self\" >Inspiration<\/a><\/h3><\/div><\/div><\/div><\/div><\/div>\t\t\t<style type=\"text\/css\" id=\"pt-cv-inline-style-fe91352hvo\">#pt-cv-view-5f3823ajrg.pt-cv-post-border { margin: 0; border-top-width: 1px; border-left-width: 1px }\n#pt-cv-view-5f3823ajrg.pt-cv-post-border { margin: 0; border-top-style: solid; border-left-style: solid }\n#pt-cv-view-5f3823ajrg.pt-cv-post-border .pt-cv-content-item   { border-right-width: 1px; border-bottom-width: 1px; border-right-style: solid; border-bottom-style: solid; }\n#pt-cv-view-5f3823ajrg .pt-cv-title a, #pt-cv-view-5f3823ajrg  .panel-title { font-family: 'Open Sans', Arial, serif !important; font-size: 18px !important; line-height: 1.3 !important; color: #000000 !important; }\n@media (min-width: 768px) and (max-width: 991px) {#pt-cv-view-5f3823ajrg .pt-cv-title a, #pt-cv-view-5f3823ajrg  .panel-title { font-size: 16px !important }}\n@media (max-width: 767px) {#pt-cv-view-5f3823ajrg .pt-cv-title a, #pt-cv-view-5f3823ajrg  .panel-title { font-size: 14px !important }}\n#pt-cv-view-5f3823ajrg  .pt-cv-title a:hover, #pt-cv-view-5f3823ajrg  .panel-title:hover   { font-family: 'Open Sans', Arial, serif !important; font-size: 18px !important; line-height: 1.3 !important; color: #eb2f2c !important; }\n@media (min-width: 768px) and (max-width: 991px) {#pt-cv-view-5f3823ajrg  .pt-cv-title a:hover, #pt-cv-view-5f3823ajrg  .panel-title:hover   { font-size: 16px !important }}\n@media (max-width: 767px) {#pt-cv-view-5f3823ajrg  .pt-cv-title a:hover, #pt-cv-view-5f3823ajrg  .panel-title:hover   { font-size: 14px !important }}\n#pt-cv-view-5f3823ajrg .pt-cv-content , #pt-cv-view-5f3823ajrg  .pt-cv-content *:not(.pt-cv-readmore):not(style):not(script) { font-family: 'Roboto', Arial, serif !important; font-size: 14px !important; line-height: 1.3 !important; color: #000000 !important; }\n@media (min-width: 768px) and (max-width: 991px) {#pt-cv-view-5f3823ajrg .pt-cv-content , #pt-cv-view-5f3823ajrg  .pt-cv-content *:not(.pt-cv-readmore):not(style):not(script) { font-size: 14px !important }}\n@media (max-width: 767px) {#pt-cv-view-5f3823ajrg .pt-cv-content , #pt-cv-view-5f3823ajrg  .pt-cv-content *:not(.pt-cv-readmore):not(style):not(script) { font-size: 12px !important }}\n#pt-cv-view-5f3823ajrg .pt-cv-readmore  { color: #ffffff !important; background-color: #fec23c !important; }\n#pt-cv-view-5f3823ajrg .pt-cv-readmore:hover  { color: #ffffff !important; background-color: #d8900a !important; }\n#pt-cv-view-5f3823ajrg  + .pt-cv-pagination-wrapper .pt-cv-more , #pt-cv-view-5f3823ajrg  + .pt-cv-pagination-wrapper .pagination .active a { color: #ffffff !important; background-color: #00aeef !important; }<\/style>\r\n\t\t\t<link href='\/\/fonts.googleapis.com\/css?family=Open+Sans' rel='stylesheet' type='text\/css'><link href='\/\/fonts.googleapis.com\/css?family=Roboto' rel='stylesheet' type='text\/css'>\n\n\t\t<\/div> \n\t<\/div> <\/div><\/div><\/div><\/div><\/div><\/div><\/div><\/div><\/div><\/div><\/div><div      class=\"vc_row wpb_row section vc_row-fluid\" style=' text-align:left;'><div class=\"full_section_inner clearfix\"><div class=\"wpb_column vc_column_container vc_col-sm-12\"><div class=\"vc_column-inner\"><div class=\"wpb_wrapper\">\t<div class=\"vc_empty_space\"  style=\"height: 32px\" ><span\n\t\t\tclass=\"vc_empty_space_inner\">\n\t\t\t<span class=\"empty_space_image\"  ><\/span>\n\t\t<\/span><\/div>\n\n<\/div><\/div><\/div><\/div><\/div>","protected":false},"excerpt":{"rendered":"Uppdrag och Projekt Eriksbergskranen &#8211; G\u00f6teborg Handelshus i Birsta, Sundsvall J\u00e4rnv\u00e4gsbro Stora Helvetet, Storlien Billerud Korsn\u00e4s Gruv\u00f6n KM7 Nya Slussenbron &#8211; Stockholm Nya Hisingsbron Arpeggio &#8211; G\u00f6teborg Karlatornet &#8211; G\u00f6teborg Inspiration","protected":false},"author":1,"featured_media":0,"parent":0,"menu_order":0,"comment_status":"closed","ping_status":"closed","template":"","meta":{"_vp_format_video_url":"","_vp_image_focal_point":[]},"yoast_head":"<!-- This site is optimized with the Yoast SEO plugin v18.3 - https:\/\/yoast.com\/wordpress\/plugins\/seo\/ -->\n<title>Uppdrag \/ Projekt - Mytec<\/title>\n<meta name=\"robots\" content=\"index, follow, max-snippet:-1, max-image-preview:large, max-video-preview:-1\" \/>\n<link rel=\"canonical\" href=\"https:\/\/mytec.se\/en\/uppdrag-projekt-2\/\" \/>\n<meta property=\"og:locale\" content=\"en_GB\" \/>\n<meta property=\"og:type\" content=\"article\" \/>\n<meta property=\"og:title\" content=\"Uppdrag \/ Projekt - Mytec\" \/>\n<meta property=\"og:url\" content=\"https:\/\/mytec.se\/en\/uppdrag-projekt-2\/\" \/>\n<meta property=\"og:site_name\" content=\"Mytec\" \/>\n<meta property=\"article:modified_time\" content=\"2019-06-07T08:04:53+00:00\" \/>\n<meta name=\"twitter:card\" content=\"summary_large_image\" \/>\n<meta name=\"twitter:label1\" content=\"Estimated reading time\" \/>\n\t<meta name=\"twitter:data1\" content=\"1 minute\" \/>\n<script type=\"application\/ld+json\" class=\"yoast-schema-graph\">{\"@context\":\"https:\/\/schema.org\",\"@graph\":[{\"@type\":\"WebSite\",\"@id\":\"https:\/\/mytec.se\/#website\",\"url\":\"https:\/\/mytec.se\/\",\"name\":\"Mytec\",\"description\":\"Varberg\",\"potentialAction\":[{\"@type\":\"SearchAction\",\"target\":{\"@type\":\"EntryPoint\",\"urlTemplate\":\"https:\/\/mytec.se\/?s={search_term_string}\"},\"query-input\":\"required name=search_term_string\"}],\"inLanguage\":\"en-GB\"},{\"@type\":\"WebPage\",\"@id\":\"https:\/\/mytec.se\/uppdrag-projekt-2\/#webpage\",\"url\":\"https:\/\/mytec.se\/uppdrag-projekt-2\/\",\"name\":\"Uppdrag \/ Projekt - Mytec\",\"isPartOf\":{\"@id\":\"https:\/\/mytec.se\/#website\"},\"datePublished\":\"2019-03-28T12:50:03+00:00\",\"dateModified\":\"2019-06-07T08:04:53+00:00\",\"breadcrumb\":{\"@id\":\"https:\/\/mytec.se\/uppdrag-projekt-2\/#breadcrumb\"},\"inLanguage\":\"en-GB\",\"potentialAction\":[{\"@type\":\"ReadAction\",\"target\":[\"https:\/\/mytec.se\/uppdrag-projekt-2\/\"]}]},{\"@type\":\"BreadcrumbList\",\"@id\":\"https:\/\/mytec.se\/uppdrag-projekt-2\/#breadcrumb\",\"itemListElement\":[{\"@type\":\"ListItem\",\"position\":1,\"name\":\"Hem\",\"item\":\"https:\/\/mytec.se\/\"},{\"@type\":\"ListItem\",\"position\":2,\"name\":\"Uppdrag \/ Projekt\"}]}]}<\/script>\n<!-- \/ Yoast SEO plugin. -->","yoast_head_json":{"title":"Uppdrag \/ Projekt - Mytec","robots":{"index":"index","follow":"follow","max-snippet":"max-snippet:-1","max-image-preview":"max-image-preview:large","max-video-preview":"max-video-preview:-1"},"canonical":"https:\/\/mytec.se\/en\/uppdrag-projekt-2\/","og_locale":"en_GB","og_type":"article","og_title":"Uppdrag \/ Projekt - Mytec","og_url":"https:\/\/mytec.se\/en\/uppdrag-projekt-2\/","og_site_name":"Mytec","article_modified_time":"2019-06-07T08:04:53+00:00","twitter_card":"summary_large_image","twitter_misc":{"Estimated reading time":"1 minute"},"schema":{"@context":"https:\/\/schema.org","@graph":[{"@type":"WebSite","@id":"https:\/\/mytec.se\/#website","url":"https:\/\/mytec.se\/","name":"Mytec","description":"Varberg","potentialAction":[{"@type":"SearchAction","target":{"@type":"EntryPoint","urlTemplate":"https:\/\/mytec.se\/?s={search_term_string}"},"query-input":"required name=search_term_string"}],"inLanguage":"en-GB"},{"@type":"WebPage","@id":"https:\/\/mytec.se\/uppdrag-projekt-2\/#webpage","url":"https:\/\/mytec.se\/uppdrag-projekt-2\/","name":"Uppdrag \/ Projekt - Mytec","isPartOf":{"@id":"https:\/\/mytec.se\/#website"},"datePublished":"2019-03-28T12:50:03+00:00","dateModified":"2019-06-07T08:04:53+00:00","breadcrumb":{"@id":"https:\/\/mytec.se\/uppdrag-projekt-2\/#breadcrumb"},"inLanguage":"en-GB","potentialAction":[{"@type":"ReadAction","target":["https:\/\/mytec.se\/uppdrag-projekt-2\/"]}]},{"@type":"BreadcrumbList","@id":"https:\/\/mytec.se\/uppdrag-projekt-2\/#breadcrumb","itemListElement":[{"@type":"ListItem","position":1,"name":"Hem","item":"https:\/\/mytec.se\/"},{"@type":"ListItem","position":2,"name":"Uppdrag \/ Projekt"}]}]}},"_links":{"self":[{"href":"https:\/\/mytec.se\/en\/wp-json\/wp\/v2\/pages\/1086"}],"collection":[{"href":"https:\/\/mytec.se\/en\/wp-json\/wp\/v2\/pages"}],"about":[{"href":"https:\/\/mytec.se\/en\/wp-json\/wp\/v2\/types\/page"}],"author":[{"embeddable":true,"href":"https:\/\/mytec.se\/en\/wp-json\/wp\/v2\/users\/1"}],"replies":[{"embeddable":true,"href":"https:\/\/mytec.se\/en\/wp-json\/wp\/v2\/comments?post=1086"}],"version-history":[{"count":2,"href":"https:\/\/mytec.se\/en\/wp-json\/wp\/v2\/pages\/1086\/revisions"}],"predecessor-version":[{"id":1119,"href":"https:\/\/mytec.se\/en\/wp-json\/wp\/v2\/pages\/1086\/revisions\/1119"}],"wp:attachment":[{"href":"https:\/\/mytec.se\/en\/wp-json\/wp\/v2\/media?parent=1086"}],"curies":[{"name":"wp","href":"https:\/\/api.w.org\/{rel}","templated":true}]}}